{"id":24,"date":"2018-10-21T10:26:50","date_gmt":"2018-10-21T10:26:50","guid":{"rendered":"http:\/\/ferienhaus-eiderdeich.com\/?page_id=24"},"modified":"2019-04-15T17:16:02","modified_gmt":"2019-04-15T17:16:02","slug":"homepage","status":"publish","type":"page","link":"https:\/\/ferienhaus-eiderdeich.com\/","title":{"rendered":"Startseite"},"content":{"rendered":"<h1 style=\"text-align: center;\"><em>Herzlich Willkommen !<\/em><\/h1>\n<p><img fetchpriority=\"high\" decoding=\"async\" class=\"alignleft wp-image-419 size-medium\" src=\"http:\/\/ferienhaus-eiderdeich.com\/wp-content\/uploads\/2019\/04\/IMG_5262-300x200.jpg\" alt=\"\" width=\"300\" height=\"200\" srcset=\"https:\/\/ferienhaus-eiderdeich.com\/wp-content\/uploads\/2019\/04\/IMG_5262-300x200.jpg 300w, https:\/\/ferienhaus-eiderdeich.com\/wp-content\/uploads\/2019\/04\/IMG_5262-768x512.jpg 768w, https:\/\/ferienhaus-eiderdeich.com\/wp-content\/uploads\/2019\/04\/IMG_5262-1024x683.jpg 1024w, https:\/\/ferienhaus-eiderdeich.com\/wp-content\/uploads\/2019\/04\/IMG_5262-1140x760.jpg 1140w\" sizes=\"(max-width: 300px) 100vw, 300px\" \/><\/p>\n<p style=\"text-align: center;\">Sie suchen einen sch\u00f6nen ruhigen Ort, in dem Sie Ihren Urlaub verbringen m\u00f6chten? &#8211;<br \/>Einfach mal die Zeit im Urlaub genie\u00dfen und die Seele baumeln lassen. Relaxen und entspannen.<\/p>\n<p style=\"text-align: center;\">Von dem aus Sie zahlreiche Aktivit\u00e4ten starten, die Nordsee und das herrliche Schleswig-Holstein erkunden? &#8211;<br \/>Egal ob bei gutem oder schlechtem Wetter, es gibt viele M\u00f6glichkeiten.<\/p>\n<p style=\"text-align: center;\">Dann schauen Sie sich unser gem\u00fctliches Feriendomizil an! Hier sind Sie genau richtig.<br \/>Unsere Reetdachkate von 1906 hat 100 m\u00b2 Wohnfl\u00e4che und liegt in ruhiger Sackgassenlage direkt am Deich der Eider.<\/p>\n<p style=\"text-align: center;\"><img decoding=\"async\" class=\"wp-image-280 alignleft\" src=\"http:\/\/ferienhaus-eiderdeich.com\/wp-content\/uploads\/2018\/11\/Grachtenfahrt-300x225.jpg\" alt=\"\" width=\"215\" height=\"161\" srcset=\"https:\/\/ferienhaus-eiderdeich.com\/wp-content\/uploads\/2018\/11\/Grachtenfahrt-300x225.jpg 300w, https:\/\/ferienhaus-eiderdeich.com\/wp-content\/uploads\/2018\/11\/Grachtenfahrt.jpg 639w\" sizes=\"(max-width: 215px) 100vw, 215px\" \/><\/p>\n<p><img decoding=\"async\" class=\"wp-image-322 alignleft\" src=\"http:\/\/ferienhaus-eiderdeich.com\/wp-content\/uploads\/2018\/11\/M\u00f6we-300x225.jpg\" alt=\"\" width=\"207\" height=\"155\" srcset=\"https:\/\/ferienhaus-eiderdeich.com\/wp-content\/uploads\/2018\/11\/M\u00f6we-300x225.jpg 300w, https:\/\/ferienhaus-eiderdeich.com\/wp-content\/uploads\/2018\/11\/M\u00f6we-768x576.jpg 768w, https:\/\/ferienhaus-eiderdeich.com\/wp-content\/uploads\/2018\/11\/M\u00f6we-1024x767.jpg 1024w, https:\/\/ferienhaus-eiderdeich.com\/wp-content\/uploads\/2018\/11\/M\u00f6we-1140x854.jpg 1140w, https:\/\/ferienhaus-eiderdeich.com\/wp-content\/uploads\/2018\/11\/M\u00f6we.jpg 1920w\" sizes=\"(max-width: 207px) 100vw, 207px\" \/> <img loading=\"lazy\" decoding=\"async\" class=\"alignleft wp-image-324\" src=\"http:\/\/ferienhaus-eiderdeich.com\/wp-content\/uploads\/2018\/11\/WesterheverLeuchtturm-300x169.jpg\" alt=\"\" width=\"249\" height=\"140\" srcset=\"https:\/\/ferienhaus-eiderdeich.com\/wp-content\/uploads\/2018\/11\/WesterheverLeuchtturm-300x169.jpg 300w, https:\/\/ferienhaus-eiderdeich.com\/wp-content\/uploads\/2018\/11\/WesterheverLeuchtturm-768x432.jpg 768w, https:\/\/ferienhaus-eiderdeich.com\/wp-content\/uploads\/2018\/11\/WesterheverLeuchtturm-1024x576.jpg 1024w, https:\/\/ferienhaus-eiderdeich.com\/wp-content\/uploads\/2018\/11\/WesterheverLeuchtturm-1140x641.jpg 1140w, https:\/\/ferienhaus-eiderdeich.com\/wp-content\/uploads\/2018\/11\/WesterheverLeuchtturm.jpg 1280w\" sizes=\"(max-width: 249px) 100vw, 249px\" \/><\/p>\n\n\n<p><\/p>\n\n\n\n<p><\/p>\n\n\n\n<p><\/p>\n\n\n\n<p><\/p>\n\n\n\n<p><\/p>\n","protected":false},"excerpt":{"rendered":"<p>Herzlich Willkommen ! Sie suchen einen sch\u00f6nen ruhigen Ort, in dem Sie Ihren Urlaub verbringen m\u00f6chten? &#8211;Einfach mal die Zeit im Urlaub genie\u00dfen und die Seele baumeln lassen. Relaxen und entspannen. Von dem aus Sie zahlreiche Aktivit\u00e4ten starten, die Nordsee und das herrliche Schleswig-Holstein erkunden? &#8211;Egal ob bei gutem oder schlechtem Wetter, es gibt viele M\u00f6glichkeiten. Dann schauen Sie sich unser gem\u00fctliches Feriendomizil an! Hier sind Sie genau richtig.Unsere Reetdachkate von 1906 hat 100 m\u00b2 Wohnfl\u00e4che und liegt in ruhiger Sackgassenlage direkt am Deich der Eider.<\/p>\n","protected":false},"author":1,"featured_media":0,"parent":0,"menu_order":0,"comment_status":"closed","ping_status":"closed","template":"","meta":{"footnotes":""},"class_list":["post-24","page","type-page","status-publish","hentry"],"_links":{"self":[{"href":"https:\/\/ferienhaus-eiderdeich.com\/index.php?rest_route=\/wp\/v2\/pages\/24","targetHints":{"allow":["GET"]}}],"collection":[{"href":"https:\/\/ferienhaus-eiderdeich.com\/index.php?rest_route=\/wp\/v2\/pages"}],"about":[{"href":"https:\/\/ferienhaus-eiderdeich.com\/index.php?rest_route=\/wp\/v2\/types\/page"}],"author":[{"embeddable":true,"href":"https:\/\/ferienhaus-eiderdeich.com\/index.php?rest_route=\/wp\/v2\/users\/1"}],"replies":[{"embeddable":true,"href":"https:\/\/ferienhaus-eiderdeich.com\/index.php?rest_route=%2Fwp%2Fv2%2Fcomments&post=24"}],"version-history":[{"count":16,"href":"https:\/\/ferienhaus-eiderdeich.com\/index.php?rest_route=\/wp\/v2\/pages\/24\/revisions"}],"predecessor-version":[{"id":420,"href":"https:\/\/ferienhaus-eiderdeich.com\/index.php?rest_route=\/wp\/v2\/pages\/24\/revisions\/420"}],"wp:attachment":[{"href":"https:\/\/ferienhaus-eiderdeich.com\/index.php?rest_route=%2Fwp%2Fv2%2Fmedia&parent=24"}],"curies":[{"name":"wp","href":"https:\/\/api.w.org\/{rel}","templated":true}]}}