{"id":68,"date":"2018-10-21T14:24:19","date_gmt":"2018-10-21T14:24:19","guid":{"rendered":"http:\/\/ferienhaus-eiderdeich.com\/?page_id=68"},"modified":"2022-12-15T06:49:45","modified_gmt":"2022-12-15T06:49:45","slug":"ausstattung","status":"publish","type":"page","link":"http:\/\/ferienhaus-eiderdeich.com\/?page_id=68","title":{"rendered":"Ausstattung"},"content":{"rendered":"<h3><em>Erdgeschoss:<\/em><\/h3>\n<p><img class=\"\" \/><img class=\"\" \/><strong>K\u00fcche<\/strong><br \/>\nausgestattet u.a. mit Geschirrsp\u00fcler, K\u00fchl- &amp; Gefrierschrank, Kaffeemaschine, Wasserkocher, Toaster, Mixer, Waschmaschine, Mikrowelle)<\/p>\n<p><strong>Wohnzimmer,<\/strong>\u00a0SAT-TV, Kamin\u00a0( Brennholz kann portionsweise zu 10 EUR pro Karton gekauft werden)\u00a0und\u00a0<strong>Esszimmer<\/strong><\/p>\n<p><strong>Vollbad<\/strong> (Badewanne und Dusche) mit separatem <strong>WC<\/strong><\/p>\n<p><strong>Schlafzimmer<\/strong> mit Einzelbett 140 x 200 cm<\/p>\n<h3><em>Dachgeschoss:<\/em><\/h3>\n<p><strong>Schlafzimmer 1<\/strong> mit Doppelbett 160 x 200 cm<\/p>\n<p><strong>Schlafzimmer 2<\/strong> mit Einzelbett 80 x 200 cm und Gitterbett 70 x 140 cm (ohne Bettzeug)<\/p>\n<p><strong>WC<\/strong><\/p>\n<h3><em>Gro\u00dfer Garten<\/em><\/h3>\n<p>Terrasse<\/p>\n<p>W\u00e4scheleine<\/p>\n<h3><i>Anbau\/Schuppen<\/i><\/h3>\n<p>Abgeschlossen, zum Abstellen Ihrer Fahrr\u00e4der.<\/p>\n<p>W\u00e4schetrockner &#8211; Stromverbrauch wird gesondert berechnet.<\/p>\n<p>Dies ist ein Nichtraucherdomizil.<\/p>\n<h3><span style=\"color: #0000ff;\"><a style=\"color: #0000ff;\" href=\"http:\/\/ferienhaus-eiderdeich.com\/?page_id=377\"><i>Hausordnung<\/i><\/a><\/span><\/h3>\n","protected":false},"excerpt":{"rendered":"<p>Erdgeschoss: K\u00fcche ausgestattet u.a. mit Geschirrsp\u00fcler, K\u00fchl- &amp; Gefrierschrank, Kaffeemaschine, Wasserkocher, Toaster, Mixer, Waschmaschine, Mikrowelle) Wohnzimmer,\u00a0SAT-TV, Kamin\u00a0( Brennholz kann portionsweise zu 10 EUR pro Karton gekauft werden)\u00a0und\u00a0Esszimmer Vollbad (Badewanne und Dusche) mit separatem WC Schlafzimmer mit Einzelbett 140 x 200 cm Dachgeschoss: Schlafzimmer 1 mit Doppelbett 160 x 200 cm Schlafzimmer 2 mit Einzelbett 80 x 200 cm und Gitterbett 70 x 140 cm (ohne Bettzeug) WC Gro\u00dfer Garten Terrasse W\u00e4scheleine Anbau\/Schuppen Abgeschlossen, zum Abstellen Ihrer Fahrr\u00e4der. W\u00e4schetrockner &#8211; Stromverbrauch wird gesondert berechnet. Dies ist ein Nichtraucherdomizil. Hausordnung<\/p>\n","protected":false},"author":1,"featured_media":0,"parent":0,"menu_order":0,"comment_status":"closed","ping_status":"closed","template":"","meta":{"footnotes":""},"class_list":["post-68","page","type-page","status-publish","hentry"],"_links":{"self":[{"href":"http:\/\/ferienhaus-eiderdeich.com\/index.php?rest_route=\/wp\/v2\/pages\/68","targetHints":{"allow":["GET"]}}],"collection":[{"href":"http:\/\/ferienhaus-eiderdeich.com\/index.php?rest_route=\/wp\/v2\/pages"}],"about":[{"href":"http:\/\/ferienhaus-eiderdeich.com\/index.php?rest_route=\/wp\/v2\/types\/page"}],"author":[{"embeddable":true,"href":"http:\/\/ferienhaus-eiderdeich.com\/index.php?rest_route=\/wp\/v2\/users\/1"}],"replies":[{"embeddable":true,"href":"http:\/\/ferienhaus-eiderdeich.com\/index.php?rest_route=%2Fwp%2Fv2%2Fcomments&post=68"}],"version-history":[{"count":25,"href":"http:\/\/ferienhaus-eiderdeich.com\/index.php?rest_route=\/wp\/v2\/pages\/68\/revisions"}],"predecessor-version":[{"id":579,"href":"http:\/\/ferienhaus-eiderdeich.com\/index.php?rest_route=\/wp\/v2\/pages\/68\/revisions\/579"}],"wp:attachment":[{"href":"http:\/\/ferienhaus-eiderdeich.com\/index.php?rest_route=%2Fwp%2Fv2%2Fmedia&parent=68"}],"curies":[{"name":"wp","href":"https:\/\/api.w.org\/{rel}","templated":true}]}}