{"id":46,"date":"2018-10-21T13:11:28","date_gmt":"2018-10-21T13:11:28","guid":{"rendered":"http:\/\/ferienhaus-eiderdeich.com\/?page_id=46"},"modified":"2018-11-10T18:44:33","modified_gmt":"2018-11-10T18:44:33","slug":"aktivitaeten","status":"publish","type":"page","link":"http:\/\/ferienhaus-eiderdeich.com\/?page_id=46","title":{"rendered":"Aktivit\u00e4ten"},"content":{"rendered":"<p>Ein idealer Ausgangspunkt, um Schleswig-Holstein zu erkunden.<\/p>\n<p>Einkaufsm\u00f6glichkeiten finden Sie in Friedrichstadt\u00a0(ca. 4km), T\u00f6nning, Husum oder\u00a0Heide (jeweils ca.20 km).<\/p>\n<p>Trotz ruhiger Alleinlage kann man viel unternehmen, da viele sch\u00f6ne St\u00e4dtchen oder Attraktionen in der N\u00e4he sind und man diese bequem mit ein paar Minuten Autofahrt erreicht.<\/p>\n<p>Sch\u00f6ne nahegelegene Ausflugsziele sind: <a href=\"https:\/\/friedrichstadt.de\/de\/tourismus\/index.php\" target=\"_blank\" rel=\"noopener\">Friedrichstadt<\/a> (4 km), <a href=\"https:\/\/www.toenning.de\/index.php\/toenning-startseite.html\" target=\"_blank\" rel=\"noopener\">T\u00f6nning<\/a>, <a href=\"http:\/\/www.heide-nordsee.de\" target=\"_blank\" rel=\"noopener\">Heide<\/a> &#8211; bekannt durch seinen gro\u00dfen Marktplatz (gr\u00f6\u00dfterEuropas), wo auch viele Feste stattfinden und <a href=\"https:\/\/www.husum-tourismus.de\" target=\"_blank\" rel=\"noopener\">Husum<\/a> &#8211; die &#8222;graue Stadt am Meer&#8220;\u00a0(alle jeweils ca. 20 km),\u00a0<a href=\"https:\/\/www.st-peter-ording.de\" target=\"_blank\" rel=\"noopener\">St.-Peter-Ording<\/a> (42 km), <a href=\"https:\/\/www.buesum.de\" target=\"_blank\" rel=\"noopener\">B\u00fcsum<\/a> (42 km),<\/p>\n<p>Auch Hamburg (120 km), Kiel (84 km) und Flensburg (63 km) kann man\u00a0f\u00fcr einen Tagesausflug besuchen.<\/p>\n<p>Die Inseln Sylt, <a href=\"https:\/\/www.faehre.de\" target=\"_blank\" rel=\"noopener\">F\u00f6hr, Amrum<\/a> und <a href=\"https:\/\/www.cassen-eils.de\/linienverkehr\/insel-helgoland\/schiff-ab-buesum\/\" target=\"_blank\" rel=\"noopener\">Helgoland<\/a> bieten sich ebenfalls f\u00fcr einen Tagesausflug an.<br \/>\nWie w\u00e4re es mit einer <a href=\"https:\/\/www.adler-schiffe.de\/fluesse-kanaele\/eider.php\" target=\"_blank\" rel=\"noopener\">Kreuzfahrt auf der Eider<\/a> oder zu den <a href=\"https:\/\/www.adler-schiffe.de\/ab-toenning-und-eidersperrwerk\/seehunde-mit-seetierfang.php\" target=\"_blank\" rel=\"noopener\">Seehunden<\/a> mit den <a href=\"https:\/\/www.adler-schiffe.de\" target=\"_blank\" rel=\"noopener\">Adler-Schiffen<\/a>?<\/p>\n<p>Und bei schlechtem Wetter?<br \/>\nErkunden Sie das Nationalpark Schleswig-Holsteinische Wattenmeer im <a href=\"https:\/\/multimar-wattforum.de\" target=\"_blank\" rel=\"noopener\">Multimar Wattforum<\/a> in T\u00f6nning.<br \/>\nSpielen Ihre Kinder in der gro\u00dfen Indoor-Spielwelt, dem <a href=\"https:\/\/www.funcenter-husum.de\" target=\"_blank\" rel=\"noopener\">Fun-Center<\/a>\u00a0in Husum.<br \/>\nLohnt sich ein Besuch in einem Museum, wie das <a href=\"https:\/\/www.museumsverbund-nordfriesland.de\/museumsverbund\/de\/\" target=\"_blank\" rel=\"noopener\">Nissenhaus und das Schloss<\/a>\u00a0in Husum.<br \/>\nEntspannen Sie in der <a href=\"https:\/\/www.st-peter-ording.de\/duenentherme.html\" target=\"_blank\" rel=\"noopener\">D\u00fcnentherme<\/a>\u00a0in St.Peter-Ording (Erlebnisbad-Saunalandschaft-Wellness).<\/p>\n<h5><a href=\"http:\/\/ferienhaus-eiderdeich.com\/?page_id=163\">Radfahren<\/a><\/h5>\n<h5><a href=\"http:\/\/ferienhaus-eiderdeich.com\/?page_id=262\">Angeln<\/a><\/h5>\n<h5><a href=\"http:\/\/ferienhaus-eiderdeich.com\/?page_id=272\">Golf<\/a><\/h5>\n<h5><a href=\"http:\/\/ferienhaus-eiderdeich.com\/?page_id=276\">Grachtenfahrt \/ Boot fahren<\/a><\/h5>\n","protected":false},"excerpt":{"rendered":"<p>Ein idealer Ausgangspunkt, um Schleswig-Holstein zu erkunden. Einkaufsm\u00f6glichkeiten finden Sie in Friedrichstadt\u00a0(ca. 4km), T\u00f6nning, Husum oder\u00a0Heide (jeweils ca.20 km). Trotz ruhiger Alleinlage kann man viel unternehmen, da viele sch\u00f6ne St\u00e4dtchen oder Attraktionen in der N\u00e4he sind und man diese bequem mit ein paar Minuten Autofahrt erreicht. Sch\u00f6ne nahegelegene Ausflugsziele sind: Friedrichstadt (4 km), T\u00f6nning, Heide &#8211; bekannt durch seinen gro\u00dfen Marktplatz (gr\u00f6\u00dfterEuropas), wo auch viele Feste stattfinden und Husum &#8211; die &#8222;graue Stadt am Meer&#8220;\u00a0(alle jeweils ca. 20 km),\u00a0St.-Peter-Ording (42 km), B\u00fcsum (42 km), Auch Hamburg (120 km), Kiel (84 km) und Flensburg (63 km) kann man\u00a0f\u00fcr einen Tagesausflug besuchen. Die Inseln Sylt, F\u00f6hr, Amrum und Helgoland bieten sich ebenfalls f\u00fcr einen Tagesausflug an. Wie w\u00e4re es mit einer Kreuzfahrt auf der Eider oder zu den Seehunden mit den Adler-Schiffen? Und bei schlechtem Wetter? Erkunden Sie das Nationalpark Schleswig-Holsteinische Wattenmeer im Multimar Wattforum in T\u00f6nning. Spielen Ihre Kinder in der gro\u00dfen Indoor-Spielwelt, dem Fun-Center\u00a0in Husum. Lohnt sich ein Besuch in einem Museum, wie das Nissenhaus und das Schloss\u00a0in Husum. Entspannen Sie in der D\u00fcnentherme\u00a0in St.Peter-Ording (Erlebnisbad-Saunalandschaft-Wellness). Radfahren Angeln Golf Grachtenfahrt \/ Boot fahren<\/p>\n","protected":false},"author":1,"featured_media":0,"parent":0,"menu_order":0,"comment_status":"closed","ping_status":"closed","template":"","meta":{"footnotes":""},"class_list":["post-46","page","type-page","status-publish","hentry"],"_links":{"self":[{"href":"http:\/\/ferienhaus-eiderdeich.com\/index.php?rest_route=\/wp\/v2\/pages\/46","targetHints":{"allow":["GET"]}}],"collection":[{"href":"http:\/\/ferienhaus-eiderdeich.com\/index.php?rest_route=\/wp\/v2\/pages"}],"about":[{"href":"http:\/\/ferienhaus-eiderdeich.com\/index.php?rest_route=\/wp\/v2\/types\/page"}],"author":[{"embeddable":true,"href":"http:\/\/ferienhaus-eiderdeich.com\/index.php?rest_route=\/wp\/v2\/users\/1"}],"replies":[{"embeddable":true,"href":"http:\/\/ferienhaus-eiderdeich.com\/index.php?rest_route=%2Fwp%2Fv2%2Fcomments&post=46"}],"version-history":[{"count":31,"href":"http:\/\/ferienhaus-eiderdeich.com\/index.php?rest_route=\/wp\/v2\/pages\/46\/revisions"}],"predecessor-version":[{"id":307,"href":"http:\/\/ferienhaus-eiderdeich.com\/index.php?rest_route=\/wp\/v2\/pages\/46\/revisions\/307"}],"wp:attachment":[{"href":"http:\/\/ferienhaus-eiderdeich.com\/index.php?rest_route=%2Fwp%2Fv2%2Fmedia&parent=46"}],"curies":[{"name":"wp","href":"https:\/\/api.w.org\/{rel}","templated":true}]}}