{"id":40,"date":"2018-10-21T12:41:14","date_gmt":"2018-10-21T12:41:14","guid":{"rendered":"http:\/\/ferienhaus-eiderdeich.com\/?page_id=40"},"modified":"2021-07-12T09:30:23","modified_gmt":"2021-07-12T09:30:23","slug":"belegungsuebersicht","status":"publish","type":"page","link":"http:\/\/ferienhaus-eiderdeich.com\/?page_id=40","title":{"rendered":"Preise \/ Belegung"},"content":{"rendered":"<h4><em>Preise<\/em><\/h4>\r\n\n<table id=\"tablepress-1\" class=\"tablepress tablepress-id-1\">\n<thead>\n<tr class=\"row-1\">\n\t<td class=\"column-1\"><\/td><th class=\"column-2\">Mindestaufenthalt 7 Tage<\/th><th class=\"column-3\">Preise f\u00fcr max. 4 Personen<\/th>\n<\/tr>\n<\/thead>\n<tbody class=\"row-striping row-hover\">\n<tr class=\"row-2\">\n\t<td class=\"column-1\">Hauptsaison<\/td><td class=\"column-2\">15.06. - 15.09.<\/td><td class=\"column-3\">98 \u20ac<\/td>\n<\/tr>\n<tr class=\"row-3\">\n\t<td class=\"column-1\"><\/td><td class=\"column-2\">20.12. - 10.01.<\/td><td class=\"column-3\"><\/td>\n<\/tr>\n<tr class=\"row-4\">\n\t<td class=\"column-1\">Nebensaison<\/td><td class=\"column-2\">01.04. - 14.06.<\/td><td class=\"column-3\">80 \u20ac<\/td>\n<\/tr>\n<tr class=\"row-5\">\n\t<td class=\"column-1\"><\/td><td class=\"column-2\">16.09. - 31.10.<\/td><td class=\"column-3\"><\/td>\n<\/tr>\n<tr class=\"row-6\">\n\t<td class=\"column-1\">Zwischensaison<\/td><td class=\"column-2\">11.01. - 31.03.<\/td><td class=\"column-3\">65 \u20ac<\/td>\n<\/tr>\n<tr class=\"row-7\">\n\t<td class=\"column-1\"><\/td><td class=\"column-2\">01.11. - 19.12.<\/td><td class=\"column-3\"><\/td>\n<\/tr>\n<tr class=\"row-8\">\n\t<td class=\"column-1\">Nebenkosten<\/td><td class=\"column-2\"><\/td><td class=\"column-3\">inklusive<\/td>\n<\/tr>\n<tr class=\"row-9\">\n\t<td class=\"column-1\">Bettw\u00e4sche und Handt\u00fccher<\/td><td class=\"column-2\"><\/td><td class=\"column-3\">k\u00f6nnen selbst mitgebracht werden<br \/>\noder \u00fcber uns f\u00fcr 3 \u20ac\/Tag\/Person (Wechsel 1xpro Woche)<\/td>\n<\/tr>\n<tr class=\"row-10\">\n\t<td class=\"column-1\">Hund<\/td><td class=\"column-2\">max. 2<\/td><td class=\"column-3\">6 \u20ac\/Tag\/Hund<\/td>\n<\/tr>\n<tr class=\"row-11\">\n\t<td class=\"column-1\">Endreinigung<\/td><td class=\"column-2\"><\/td><td class=\"column-3\">65 \u20ac<\/td>\n<\/tr>\n<\/tbody>\n<\/table>\n<!-- #tablepress-1 from cache -->\r\n<p>In der Hauptsaison ist nur die Buchung voller Wochen von\/bis Samstag m\u00f6glich.<\/p>\r\n<p>Bei der Buchung werden 20 % des Mietpreises als Anzahlung f\u00e4llig. Die Restzahlung erfolgt sp\u00e4testens 30 Tage vor der Anreise. Bei einer Stornierung bis 30 Tage vor der Anreise wird die Anzahlung einbehalten. Bei einer Stornierung zwischen 0- 30 Tage vor der Anreise wird 100 % einbehalten.\u00a0<\/p>\r\n<h4><em>Belegungskalender<\/em><\/h4>\r\n\r\n\n\t\t\t\t<div class=\"abc-singlecalendar\" data-checkin-69d635d91cc8f=\"0\" data-offset-69d635d91cc8f=\"0\" data-month-69d635d91cc8f=\"0\" id=\"abc_singlecalendar_69d635d91cc8f\">\n\t\t\t\t\t<div class=\"abc-box abc-single-row\">\n\t\t\t\t\t\t<div data-calendar=\"1\" data-id=\"69d635d91cc8f\" class=\"abc-box abc-button abc-single-button-left\">\n\t\t\t\t\t\t\t<button class=\"fa fa-chevron-left abc-button-rl\"><\/button>\n\t\t\t\t\t\t<\/div>\n\t\t\t\t\t\t<div class=\"abc-box abc-month\">\n\t\t\t\t\t\t\t<img decoding=\"async\" alt=\"Wird geladen...\" src=\"http:\/\/ferienhaus-eiderdeich.com\/wp-admin\/images\/wpspin_light.gif\" class=\"waiting\" id=\"abc_single_loading-69d635d91cc8f\" style=\"display:none\" \/><span id=\"singlecalendar-month-69d635d91cc8f\">April 2026<\/span><\/div>\n\t\t\t\t\t\t\t<div data-calendar=\"1\" data-id=\"69d635d91cc8f\" class=\"abc-box abc-button abc-single-button-right\">\n\t\t\t\t\t\t\t\t<button class=\"fa fa-chevron-right abc-button-rl\"><\/button>\n\t\t\t\t\t\t<\/div>\n\t\t\t\t\t<\/div>\n\t\t\t\t\t<div class=\"abc-box abc-single-row\">\n\t\t\t\t\t<div class=\"abc-box abc-col-day abc-dayname\">Mo<\/div>\n\t\t\t\t\t<div class=\"abc-box abc-col-day abc-dayname abc-dotted\">Di<\/div>\n\t\t\t\t\t<div class=\"abc-box abc-col-day abc-dayname abc-dotted\">Mi<\/div>\n\t\t\t\t\t<div class=\"abc-box abc-col-day abc-dayname abc-dotted\">Do<\/div>\n\t\t\t\t\t<div class=\"abc-box abc-col-day abc-dayname abc-dotted\">Fr<\/div>\n\t\t\t\t\t<div class=\"abc-box abc-col-day abc-dayname abc-dotted\">Sa<\/div>\n\t\t\t\t\t<div class=\"abc-box abc-col-day abc-dayname abc-dotted\">So<\/div>\n\t\t\t\t\t<\/div>\n\t\t\t\t\t<div id=\"abc-calendar-days-69d635d91cc8f\">\n\t\t\t\t\t\t<div class=\"abc-box abc-single-row\"><div class=\"abc-box abc-col-day \">&nbsp;<\/div><div class=\"abc-box abc-col-day abc-dotted \">&nbsp;<\/div><div title=\"\" data-calendar=\"1\" data-id=\"69d635d91cc8f\" data-date=\"2026-04-01\" class=\"abc-box abc-col-day abc-dotted abc-past abc-date-item \" id=\"abc-day-69d635d91cc8f2026-04-01\">1<br \/><span class=\"abc-single-price\"><\/span><\/div><div title=\"\" data-calendar=\"1\" data-id=\"69d635d91cc8f\" data-date=\"2026-04-02\" class=\"abc-box abc-col-day abc-dotted abc-past abc-date-item \" id=\"abc-day-69d635d91cc8f2026-04-02\">2<br \/><span class=\"abc-single-price\"><\/span><\/div><div title=\"\" data-calendar=\"1\" data-id=\"69d635d91cc8f\" data-date=\"2026-04-03\" class=\"abc-box abc-col-day abc-dotted abc-past abc-date-item \" id=\"abc-day-69d635d91cc8f2026-04-03\">3<br \/><span class=\"abc-single-price\"><\/span><\/div><div title=\"\" data-calendar=\"1\" data-id=\"69d635d91cc8f\" data-date=\"2026-04-04\" class=\"abc-box abc-col-day abc-dotted abc-past abc-date-item \" id=\"abc-day-69d635d91cc8f2026-04-04\">4<br \/><span class=\"abc-single-price\"><\/span><\/div><div title=\"\" data-calendar=\"1\" data-id=\"69d635d91cc8f\" data-date=\"2026-04-05\" class=\"abc-box abc-col-day abc-dotted abc-past abc-date-item \" id=\"abc-day-69d635d91cc8f2026-04-05\">5<br \/><span class=\"abc-single-price\"><\/span><\/div><\/div><div class=\"abc-box abc-single-row\"><div title=\"\" data-calendar=\"1\" data-id=\"69d635d91cc8f\" data-date=\"2026-04-06\" class=\"abc-box abc-col-day abc-past abc-date-item \" id=\"abc-day-69d635d91cc8f2026-04-06\">6<br \/><span class=\"abc-single-price\"><\/span><\/div><div title=\"\" data-calendar=\"1\" data-id=\"69d635d91cc8f\" data-date=\"2026-04-07\" class=\"abc-box abc-col-day abc-dotted abc-past abc-date-item \" id=\"abc-day-69d635d91cc8f2026-04-07\">7<br \/><span class=\"abc-single-price\"><\/span><\/div><div title=\"bis 10:00h\" data-calendar=\"1\" data-id=\"69d635d91cc8f\" data-date=\"2026-04-08\" class=\"abc-box abc-col-day abc-dotted abc-booked abc-date-item \" id=\"abc-day-69d635d91cc8f2026-04-08\">8<br \/><span class=\"abc-single-price\">&nbsp;<\/span><\/div><div title=\"Ausgebucht\" data-calendar=\"1\" data-id=\"69d635d91cc8f\" data-date=\"2026-04-09\" class=\"abc-box abc-col-day abc-dotted abc-booked abc-date-item \" id=\"abc-day-69d635d91cc8f2026-04-09\">9<br \/><span class=\"abc-single-price\">&nbsp;<\/span><\/div><div title=\"Verf\u00fcgbar:\n10.04.2026: 80 \u20ac\" data-calendar=\"1\" data-id=\"69d635d91cc8f\" data-date=\"2026-04-10\" class=\"abc-box abc-col-day abc-dotted abc-booked-avail abc-date-selector abc-date-item \" id=\"abc-day-69d635d91cc8f2026-04-10\">10<br \/><span class=\"abc-single-price\">80 \u20ac<\/span><\/div><div title=\"Verf\u00fcgbar:\n11.04.2026: 80 \u20ac\" data-calendar=\"1\" data-id=\"69d635d91cc8f\" data-date=\"2026-04-11\" class=\"abc-box abc-col-day abc-dotted abc-avail abc-date-selector abc-date-item \" id=\"abc-day-69d635d91cc8f2026-04-11\">11<br \/><span class=\"abc-single-price\">80 \u20ac<\/span><\/div><div title=\"Verf\u00fcgbar:\n12.04.2026: 80 \u20ac\" data-calendar=\"1\" data-id=\"69d635d91cc8f\" data-date=\"2026-04-12\" class=\"abc-box abc-col-day abc-dotted abc-avail abc-date-selector abc-date-item \" id=\"abc-day-69d635d91cc8f2026-04-12\">12<br \/><span class=\"abc-single-price\">80 \u20ac<\/span><\/div><\/div><div class=\"abc-box abc-single-row\"><div title=\"Verf\u00fcgbar:\n13.04.2026: 80 \u20ac\" data-calendar=\"1\" data-id=\"69d635d91cc8f\" data-date=\"2026-04-13\" class=\"abc-box abc-col-day abc-avail abc-date-selector abc-date-item \" id=\"abc-day-69d635d91cc8f2026-04-13\">13<br \/><span class=\"abc-single-price\">80 \u20ac<\/span><\/div><div title=\"Verf\u00fcgbar:\n14.04.2026: 80 \u20ac\" data-calendar=\"1\" data-id=\"69d635d91cc8f\" data-date=\"2026-04-14\" class=\"abc-box abc-col-day abc-dotted abc-avail abc-date-selector abc-date-item \" id=\"abc-day-69d635d91cc8f2026-04-14\">14<br \/><span class=\"abc-single-price\">80 \u20ac<\/span><\/div><div title=\"Verf\u00fcgbar:\n15.04.2026: 80 \u20ac\" data-calendar=\"1\" data-id=\"69d635d91cc8f\" data-date=\"2026-04-15\" class=\"abc-box abc-col-day abc-dotted abc-avail abc-date-selector abc-date-item \" id=\"abc-day-69d635d91cc8f2026-04-15\">15<br \/><span class=\"abc-single-price\">80 \u20ac<\/span><\/div><div title=\"Verf\u00fcgbar:\n16.04.2026: 80 \u20ac\" data-calendar=\"1\" data-id=\"69d635d91cc8f\" data-date=\"2026-04-16\" class=\"abc-box abc-col-day abc-dotted abc-avail abc-date-selector abc-date-item \" id=\"abc-day-69d635d91cc8f2026-04-16\">16<br \/><span class=\"abc-single-price\">80 \u20ac<\/span><\/div><div title=\"Verf\u00fcgbar:\n17.04.2026: 80 \u20ac\" data-calendar=\"1\" data-id=\"69d635d91cc8f\" data-date=\"2026-04-17\" class=\"abc-box abc-col-day abc-dotted abc-avail abc-date-selector abc-date-item \" id=\"abc-day-69d635d91cc8f2026-04-17\">17<br \/><span class=\"abc-single-price\">80 \u20ac<\/span><\/div><div title=\"Verf\u00fcgbar:\n18.04.2026: 80 \u20ac\" data-calendar=\"1\" data-id=\"69d635d91cc8f\" data-date=\"2026-04-18\" class=\"abc-box abc-col-day abc-dotted abc-avail abc-date-selector abc-date-item \" id=\"abc-day-69d635d91cc8f2026-04-18\">18<br \/><span class=\"abc-single-price\">80 \u20ac<\/span><\/div><div title=\"Verf\u00fcgbar:\n19.04.2026: 80 \u20ac\" data-calendar=\"1\" data-id=\"69d635d91cc8f\" data-date=\"2026-04-19\" class=\"abc-box abc-col-day abc-dotted abc-avail abc-date-selector abc-date-item \" id=\"abc-day-69d635d91cc8f2026-04-19\">19<br \/><span class=\"abc-single-price\">80 \u20ac<\/span><\/div><\/div><div class=\"abc-box abc-single-row\"><div title=\"Verf\u00fcgbar:\n20.04.2026: 80 \u20ac\" data-calendar=\"1\" data-id=\"69d635d91cc8f\" data-date=\"2026-04-20\" class=\"abc-box abc-col-day abc-avail abc-date-selector abc-date-item \" id=\"abc-day-69d635d91cc8f2026-04-20\">20<br \/><span class=\"abc-single-price\">80 \u20ac<\/span><\/div><div title=\"Verf\u00fcgbar:\n21.04.2026: 80 \u20ac\" data-calendar=\"1\" data-id=\"69d635d91cc8f\" data-date=\"2026-04-21\" class=\"abc-box abc-col-day abc-dotted abc-avail abc-date-selector abc-date-item \" id=\"abc-day-69d635d91cc8f2026-04-21\">21<br \/><span class=\"abc-single-price\">80 \u20ac<\/span><\/div><div title=\"Verf\u00fcgbar:\n22.04.2026: 80 \u20ac\" data-calendar=\"1\" data-id=\"69d635d91cc8f\" data-date=\"2026-04-22\" class=\"abc-box abc-col-day abc-dotted abc-avail abc-date-selector abc-date-item \" id=\"abc-day-69d635d91cc8f2026-04-22\">22<br \/><span class=\"abc-single-price\">80 \u20ac<\/span><\/div><div title=\"Verf\u00fcgbar:\n23.04.2026: 80 \u20ac\" data-calendar=\"1\" data-id=\"69d635d91cc8f\" data-date=\"2026-04-23\" class=\"abc-box abc-col-day abc-dotted abc-avail abc-date-selector abc-date-item \" id=\"abc-day-69d635d91cc8f2026-04-23\">23<br \/><span class=\"abc-single-price\">80 \u20ac<\/span><\/div><div title=\"Verf\u00fcgbar:\n24.04.2026: 80 \u20ac\" data-calendar=\"1\" data-id=\"69d635d91cc8f\" data-date=\"2026-04-24\" class=\"abc-box abc-col-day abc-dotted abc-avail abc-date-selector abc-date-item \" id=\"abc-day-69d635d91cc8f2026-04-24\">24<br \/><span class=\"abc-single-price\">80 \u20ac<\/span><\/div><div title=\"Verf\u00fcgbar:\n25.04.2026: 80 \u20ac\" data-calendar=\"1\" data-id=\"69d635d91cc8f\" data-date=\"2026-04-25\" class=\"abc-box abc-col-day abc-dotted abc-avail abc-date-selector abc-date-item \" id=\"abc-day-69d635d91cc8f2026-04-25\">25<br \/><span class=\"abc-single-price\">80 \u20ac<\/span><\/div><div title=\"Verf\u00fcgbar:\n26.04.2026: 80 \u20ac\" data-calendar=\"1\" data-id=\"69d635d91cc8f\" data-date=\"2026-04-26\" class=\"abc-box abc-col-day abc-dotted abc-avail abc-date-selector abc-date-item \" id=\"abc-day-69d635d91cc8f2026-04-26\">26<br \/><span class=\"abc-single-price\">80 \u20ac<\/span><\/div><\/div><div class=\"abc-box abc-single-row\"><div title=\"Verf\u00fcgbar:\n27.04.2026: 80 \u20ac\" data-calendar=\"1\" data-id=\"69d635d91cc8f\" data-date=\"2026-04-27\" class=\"abc-box abc-col-day abc-avail abc-date-selector abc-date-item \" id=\"abc-day-69d635d91cc8f2026-04-27\">27<br \/><span class=\"abc-single-price\">80 \u20ac<\/span><\/div><div title=\"Verf\u00fcgbar:\n28.04.2026: 80 \u20ac\" data-calendar=\"1\" data-id=\"69d635d91cc8f\" data-date=\"2026-04-28\" class=\"abc-box abc-col-day abc-dotted abc-avail abc-date-selector abc-date-item \" id=\"abc-day-69d635d91cc8f2026-04-28\">28<br \/><span class=\"abc-single-price\">80 \u20ac<\/span><\/div><div title=\"Verf\u00fcgbar:\n29.04.2026: 80 \u20ac\" data-calendar=\"1\" data-id=\"69d635d91cc8f\" data-date=\"2026-04-29\" class=\"abc-box abc-col-day abc-dotted abc-avail abc-date-selector abc-date-item \" id=\"abc-day-69d635d91cc8f2026-04-29\">29<br \/><span class=\"abc-single-price\">80 \u20ac<\/span><\/div><div title=\"Verf\u00fcgbar:\n30.04.2026: 80 \u20ac\" data-calendar=\"1\" data-id=\"69d635d91cc8f\" data-date=\"2026-04-30\" class=\"abc-box abc-col-day abc-dotted abc-avail abc-date-selector abc-date-item \" id=\"abc-day-69d635d91cc8f2026-04-30\">30<br \/><span class=\"abc-single-price\">80 \u20ac<\/span><\/div><\/div>\n\t\t\t\t\t<\/div><div class=\"abc-single-legend\">\n\t\t\t\t\t\t\t\t\t\t\t<span class=\"fa fa-square-o abc-single-legend-available\"><\/span>\n\t\t\t\t\t\t\t\t\t\t\tVerf\u00fcgbar<span class=\"fa fa-square abc-single-legend-fully\"><\/span>\n\t\t\t\t\t\t\t\t\t\tAusgebucht\n\t\t\t\t\t\t\t\t\t\t<\/div><div id=\"abc-booking-69d635d91cc8f\" class=\"abc-booking-selection\">\n\t\t\t\t\t<\/div>\n\t\t\t\t<\/div>\r\n\r\n\r\n","protected":false},"excerpt":{"rendered":"<p>Preise In der Hauptsaison ist nur die Buchung voller Wochen von\/bis Samstag m\u00f6glich. Bei der Buchung werden 20 % des Mietpreises als Anzahlung f\u00e4llig. Die Restzahlung erfolgt sp\u00e4testens 30 Tage vor der Anreise. Bei einer Stornierung bis 30 Tage vor der Anreise wird die Anzahlung einbehalten. Bei einer Stornierung zwischen 0- 30 Tage vor der Anreise wird 100 % einbehalten.\u00a0 Belegungskalender<\/p>\n","protected":false},"author":1,"featured_media":0,"parent":0,"menu_order":0,"comment_status":"closed","ping_status":"closed","template":"","meta":{"footnotes":""},"class_list":["post-40","page","type-page","status-publish","hentry"],"_links":{"self":[{"href":"http:\/\/ferienhaus-eiderdeich.com\/index.php?rest_route=\/wp\/v2\/pages\/40","targetHints":{"allow":["GET"]}}],"collection":[{"href":"http:\/\/ferienhaus-eiderdeich.com\/index.php?rest_route=\/wp\/v2\/pages"}],"about":[{"href":"http:\/\/ferienhaus-eiderdeich.com\/index.php?rest_route=\/wp\/v2\/types\/page"}],"author":[{"embeddable":true,"href":"http:\/\/ferienhaus-eiderdeich.com\/index.php?rest_route=\/wp\/v2\/users\/1"}],"replies":[{"embeddable":true,"href":"http:\/\/ferienhaus-eiderdeich.com\/index.php?rest_route=%2Fwp%2Fv2%2Fcomments&post=40"}],"version-history":[{"count":20,"href":"http:\/\/ferienhaus-eiderdeich.com\/index.php?rest_route=\/wp\/v2\/pages\/40\/revisions"}],"predecessor-version":[{"id":522,"href":"http:\/\/ferienhaus-eiderdeich.com\/index.php?rest_route=\/wp\/v2\/pages\/40\/revisions\/522"}],"wp:attachment":[{"href":"http:\/\/ferienhaus-eiderdeich.com\/index.php?rest_route=%2Fwp%2Fv2%2Fmedia&parent=40"}],"curies":[{"name":"wp","href":"https:\/\/api.w.org\/{rel}","templated":true}]}}