{"id":377,"date":"2018-12-30T15:28:10","date_gmt":"2018-12-30T15:28:10","guid":{"rendered":"http:\/\/ferienhaus-eiderdeich.com\/?page_id=377"},"modified":"2024-12-05T11:24:19","modified_gmt":"2024-12-05T11:24:19","slug":"hausordnung","status":"publish","type":"page","link":"http:\/\/ferienhaus-eiderdeich.com\/?page_id=377","title":{"rendered":"Hausordnung"},"content":{"rendered":"\r\n<ul class=\"wp-block-list\">\r\n<li>Die max. Belegung ist f\u00fcr 4 Personen.<\/li>\r\n<li>Es d\u00fcrfen keine Events oder Partys stattfinden.<\/li>\r\n<li>Das Rauchen im Haus ist nicht erlaubt!<\/li>\r\n<li>Bitte trocknen Sie Ihre W\u00e4sche nicht im Haus. Daf\u00fcr steht Ihnen im Schuppen ein W\u00e4schest\u00e4nder und Klammern zur Verf\u00fcgung.<\/li>\r\n<li>Hunde sind nach vorheriger Anmeldung und Buchung erlaubt. Maximal 2\u00a0mittelgro\u00dfe Hunde bis max. 45 cm Schulterh\u00f6he. Hunde d\u00fcrfen nicht mit in die Schlafzimmer. Es stehen Hundekotbeutel zur Verf\u00fcgung. Bitte benutzen Sie diese und entfernen Sie die Hinterlassenschaften Ihres Hundes. In dem Garten spielen auch Kinder. Ihr Hund muss versichert und stubenrein sein.<\/li>\r\n<li>Sollten Sie zu Sylvester unser Gast sein, denken Sie bitte daran &#8211; es ist ein Reetdachhaus. Hier sind keine Raketen oder Knaller erlaubt.<\/li>\r\n<\/ul>\r\n","protected":false},"excerpt":{"rendered":"<p>Die max. Belegung ist f\u00fcr 4 Personen. Es d\u00fcrfen keine Events oder Partys stattfinden. Das Rauchen im Haus ist nicht erlaubt! Bitte trocknen Sie Ihre W\u00e4sche nicht im Haus. Daf\u00fcr steht Ihnen im Schuppen ein W\u00e4schest\u00e4nder und Klammern zur Verf\u00fcgung. Hunde sind nach vorheriger Anmeldung und Buchung erlaubt. Maximal 2\u00a0mittelgro\u00dfe Hunde bis max. 45 cm Schulterh\u00f6he. Hunde d\u00fcrfen nicht mit in die Schlafzimmer. Es stehen Hundekotbeutel zur Verf\u00fcgung. Bitte benutzen Sie diese und entfernen Sie die Hinterlassenschaften Ihres Hundes. In dem Garten spielen auch Kinder. Ihr Hund muss versichert und stubenrein sein. Sollten Sie zu Sylvester unser Gast sein, denken Sie bitte daran &#8211; es ist ein Reetdachhaus. Hier sind keine Raketen oder Knaller erlaubt.<\/p>\n","protected":false},"author":1,"featured_media":0,"parent":68,"menu_order":1,"comment_status":"closed","ping_status":"closed","template":"","meta":{"footnotes":""},"class_list":["post-377","page","type-page","status-publish","hentry"],"_links":{"self":[{"href":"http:\/\/ferienhaus-eiderdeich.com\/index.php?rest_route=\/wp\/v2\/pages\/377","targetHints":{"allow":["GET"]}}],"collection":[{"href":"http:\/\/ferienhaus-eiderdeich.com\/index.php?rest_route=\/wp\/v2\/pages"}],"about":[{"href":"http:\/\/ferienhaus-eiderdeich.com\/index.php?rest_route=\/wp\/v2\/types\/page"}],"author":[{"embeddable":true,"href":"http:\/\/ferienhaus-eiderdeich.com\/index.php?rest_route=\/wp\/v2\/users\/1"}],"replies":[{"embeddable":true,"href":"http:\/\/ferienhaus-eiderdeich.com\/index.php?rest_route=%2Fwp%2Fv2%2Fcomments&post=377"}],"version-history":[{"count":3,"href":"http:\/\/ferienhaus-eiderdeich.com\/index.php?rest_route=\/wp\/v2\/pages\/377\/revisions"}],"predecessor-version":[{"id":635,"href":"http:\/\/ferienhaus-eiderdeich.com\/index.php?rest_route=\/wp\/v2\/pages\/377\/revisions\/635"}],"up":[{"embeddable":true,"href":"http:\/\/ferienhaus-eiderdeich.com\/index.php?rest_route=\/wp\/v2\/pages\/68"}],"wp:attachment":[{"href":"http:\/\/ferienhaus-eiderdeich.com\/index.php?rest_route=%2Fwp%2Fv2%2Fmedia&parent=377"}],"curies":[{"name":"wp","href":"https:\/\/api.w.org\/{rel}","templated":true}]}}