{"id":201,"date":"2018-11-07T15:21:50","date_gmt":"2018-11-07T15:21:50","guid":{"rendered":"http:\/\/ferienhaus-eiderdeich.com\/?page_id=201"},"modified":"2021-07-10T20:15:59","modified_gmt":"2021-07-10T20:15:59","slug":"buchungsanfrage","status":"publish","type":"page","link":"http:\/\/ferienhaus-eiderdeich.com\/?page_id=201","title":{"rendered":"Buchungsanfrage"},"content":{"rendered":"<h4 style=\"text-align: center;\">Sie haben Fragen? Sie m\u00f6chten buchen? &#8211;<\/h4>\n<h4 style=\"text-align: center;\">Einfach anrufen:\u00a0<strong>0170-3435323<\/strong>\u00a0oder per <strong>E-mail<\/strong>:<\/h4>\n<p style=\"text-align: center;\">\n<div class=\"wpcf7 no-js\" id=\"wpcf7-f199-o1\" lang=\"de-DE\" dir=\"ltr\" data-wpcf7-id=\"199\">\n<div class=\"screen-reader-response\"><p role=\"status\" aria-live=\"polite\" aria-atomic=\"true\"><\/p> <ul><\/ul><\/div>\n<form action=\"\/index.php?rest_route=%2Fwp%2Fv2%2Fpages%2F201#wpcf7-f199-o1\" method=\"post\" class=\"wpcf7-form init\" aria-label=\"Kontaktformular\" novalidate=\"novalidate\" data-status=\"init\">\n<fieldset class=\"hidden-fields-container\"><input type=\"hidden\" name=\"_wpcf7\" value=\"199\" \/><input type=\"hidden\" name=\"_wpcf7_version\" value=\"6.1.5\" \/><input type=\"hidden\" name=\"_wpcf7_locale\" value=\"de_DE\" \/><input type=\"hidden\" name=\"_wpcf7_unit_tag\" value=\"wpcf7-f199-o1\" \/><input type=\"hidden\" name=\"_wpcf7_container_post\" value=\"0\" \/><input type=\"hidden\" name=\"_wpcf7_posted_data_hash\" value=\"\" \/>\n<\/fieldset>\n<p><label> Ihr Name (Pflichtfeld)<br \/>\n<span class=\"wpcf7-form-control-wrap\" data-name=\"your-name\"><input size=\"40\" maxlength=\"400\" class=\"wpcf7-form-control wpcf7-text wpcf7-validates-as-required\" aria-required=\"true\" aria-invalid=\"false\" value=\"\" type=\"text\" name=\"your-name\" \/><\/span> <\/label>\n<\/p>\n<p><label> Ihre E-Mail-Adresse (Pflichtfeld)<br \/>\n<span class=\"wpcf7-form-control-wrap\" data-name=\"your-email\"><input size=\"40\" maxlength=\"400\" class=\"wpcf7-form-control wpcf7-email wpcf7-validates-as-required wpcf7-text wpcf7-validates-as-email\" aria-required=\"true\" aria-invalid=\"false\" value=\"\" type=\"email\" name=\"your-email\" \/><\/span> <\/label>\n<\/p>\n<p><label> Ihre Telefonnummer (Pflichtfeld)<br \/>\n<span class=\"wpcf7-form-control-wrap\" data-name=\"tel-782\"><input size=\"40\" maxlength=\"400\" class=\"wpcf7-form-control wpcf7-tel wpcf7-validates-as-required wpcf7-text wpcf7-validates-as-tel\" aria-required=\"true\" aria-invalid=\"false\" value=\"\" type=\"tel\" name=\"tel-782\" \/><\/span> <\/label>\n<\/p>\n<p><label> gew\u00fcnschtes Reisedatum (An- und Abreisetag)<br \/>\n<span class=\"wpcf7-form-control-wrap\" data-name=\"Reisezeit\"><input size=\"40\" maxlength=\"400\" class=\"wpcf7-form-control wpcf7-text\" aria-invalid=\"false\" value=\"\" type=\"text\" name=\"Reisezeit\" \/><\/span> <\/label>\n<\/p>\n<p><label> Anzahl Personen<br \/>\n<span class=\"wpcf7-form-control-wrap\" data-name=\"number-689\"><input class=\"wpcf7-form-control wpcf7-number wpcf7-validates-as-required wpcf7-validates-as-number\" aria-required=\"true\" aria-invalid=\"false\" value=\"\" type=\"number\" name=\"number-689\" \/><\/span> <\/label>\n<\/p>\n<p><label> Ihre Nachricht (z.B. gew\u00fcnschtes Reisedatum - Hund? - Bettw\u00e4sche gew\u00fcnscht?)<br \/>\n<span class=\"wpcf7-form-control-wrap\" data-name=\"your-message\"><textarea cols=\"40\" rows=\"10\" maxlength=\"2000\" class=\"wpcf7-form-control wpcf7-textarea\" aria-invalid=\"false\" name=\"your-message\"><\/textarea><\/span> <\/label>\n<\/p>\n<p><input class=\"wpcf7-form-control wpcf7-submit has-spinner\" type=\"submit\" value=\"Senden\" \/>\n<\/p><div class=\"wpcf7-response-output\" aria-hidden=\"true\"><\/div>\n<\/form>\n<\/div>\n<\/p>\n","protected":false},"excerpt":{"rendered":"<p>Sie haben Fragen? Sie m\u00f6chten buchen? &#8211; Einfach anrufen:\u00a00170-3435323\u00a0oder per E-mail:<\/p>\n","protected":false},"author":1,"featured_media":0,"parent":0,"menu_order":0,"comment_status":"closed","ping_status":"closed","template":"","meta":{"footnotes":""},"class_list":["post-201","page","type-page","status-publish","hentry"],"_links":{"self":[{"href":"http:\/\/ferienhaus-eiderdeich.com\/index.php?rest_route=\/wp\/v2\/pages\/201","targetHints":{"allow":["GET"]}}],"collection":[{"href":"http:\/\/ferienhaus-eiderdeich.com\/index.php?rest_route=\/wp\/v2\/pages"}],"about":[{"href":"http:\/\/ferienhaus-eiderdeich.com\/index.php?rest_route=\/wp\/v2\/types\/page"}],"author":[{"embeddable":true,"href":"http:\/\/ferienhaus-eiderdeich.com\/index.php?rest_route=\/wp\/v2\/users\/1"}],"replies":[{"embeddable":true,"href":"http:\/\/ferienhaus-eiderdeich.com\/index.php?rest_route=%2Fwp%2Fv2%2Fcomments&post=201"}],"version-history":[{"count":10,"href":"http:\/\/ferienhaus-eiderdeich.com\/index.php?rest_route=\/wp\/v2\/pages\/201\/revisions"}],"predecessor-version":[{"id":519,"href":"http:\/\/ferienhaus-eiderdeich.com\/index.php?rest_route=\/wp\/v2\/pages\/201\/revisions\/519"}],"wp:attachment":[{"href":"http:\/\/ferienhaus-eiderdeich.com\/index.php?rest_route=%2Fwp%2Fv2%2Fmedia&parent=201"}],"curies":[{"name":"wp","href":"https:\/\/api.w.org\/{rel}","templated":true}]}}